{"id":2,"date":"2022-11-05T21:38:16","date_gmt":"2022-11-05T21:38:16","guid":{"rendered":"http:\/\/www.renonat.com\/?page_id=2"},"modified":"2023-02-03T11:28:52","modified_gmt":"2023-02-03T11:28:52","slug":"maitrise-doeuvre","status":"publish","type":"page","link":"https:\/\/www.renonat.com\/index.php\/maitrise-doeuvre\/","title":{"rendered":"MA\u00ceTRISE D&rsquo;OEUVRE"},"content":{"rendered":"<div data-colibri-id=\"2-c1\" class=\"style-673 style-local-2-c1 position-relative\">\n  <!---->\n  <div data-colibri-component=\"section\" data-colibri-id=\"2-c2\" id=\"about\" class=\"h-section h-section-global-spacing d-flex align-items-lg-center align-items-md-center align-items-center style-705 style-local-2-c2 position-relative\">\n    <!---->\n    <!---->\n    <div class=\"h-section-grid-container h-section-boxed-container\">\n      <!---->\n      <div data-colibri-id=\"2-c3\" class=\"h-row-container gutters-row-lg-2 gutters-row-md-2 gutters-row-2 gutters-row-v-lg-2 gutters-row-v-md-2 gutters-row-v-2 style-706 style-local-2-c3 position-relative\">\n        <!---->\n        <div class=\"h-row justify-content-lg-center justify-content-md-center justify-content-center align-items-lg-stretch align-items-md-stretch align-items-stretch gutters-col-lg-2 gutters-col-md-2 gutters-col-2 gutters-col-v-lg-2 gutters-col-v-md-2 gutters-col-v-2\">\n          <!---->\n          <div class=\"h-column h-column-container d-flex h-col-lg-auto h-col-md-auto h-col-auto style-707-outer style-local-2-c4-outer\">\n            <div data-colibri-id=\"2-c4\" class=\"d-flex h-flex-basis h-column__inner h-px-lg-2 h-px-md-2 h-px-2 v-inner-lg-2 v-inner-md-2 v-inner-2 style-707 style-local-2-c4 position-relative\">\n              <!---->\n              <!---->\n              <div class=\"w-100 h-y-container h-column__content h-column__v-align flex-basis-100 align-self-lg-center align-self-md-center align-self-center\">\n                <!---->\n                <div data-colibri-id=\"2-c5\" class=\"h-global-transition-all h-heading style-708 style-local-2-c5 position-relative h-element\">\n                  <!---->\n                  <div class=\"h-heading__outer style-708 style-local-2-c5\">\n                    <!---->\n                    <!---->\n                    <h3 class=\"\">Ma\u00eetrise d&rsquo;oeuvre<\/h3>\n                  <\/div>\n                <\/div>\n                <div data-colibri-id=\"2-c6\" class=\"h-text h-text-component style-710 style-local-2-c6 position-relative h-element\">\n                  <!---->\n                  <!---->\n                  <div class=\"\">\n                    <p><span style=\"font-weight: 400; color: rgb(0, 0, 0); --darkreader-inline-color:#181a1b;\" data-darkreader-inline-color=\"\">ETAPE 1&nbsp;: RENCONTRE,<\/span><span style=\"color: rgb(16, 17, 17); --darkreader-inline-color:#242728; font-weight: 300;\"\n                        data-darkreader-inline-color=\"\"> faire connaissance avec vous, votre b\u00e2ti et prendre la mesure du projet.&nbsp;<\/span><\/p>\n                    <p><span style=\"color: rgb(16, 17, 17); --darkreader-inline-color:#242728; font-weight: 400;\" data-darkreader-inline-color=\"\">ETAPE 2&nbsp;: Un DIAGNOSTIC <\/span><span style=\"color: rgb(16, 17, 17); --darkreader-inline-color:#242728; font-weight: 300;\"\n                        data-darkreader-inline-color=\"\">global du b\u00e2timent est propos\u00e9 avant chaque intervention de transformation ou de conservation. Cette \u00e9tape permet de mieux hi\u00e9rarchiser les priorit\u00e9s de travaux et anticiper les impr\u00e9vus de chantier. Elle permet \u00e9galement de prendre du recul sur l\u2019ensemble du b\u00e2timent existant. Cet audit traite de l\u2019ensemble de ce qui est visible lors de la visite, il constitue un \u00e9tat des lieux complet de l\u2019\u00e9tat pr\u00e9sent du b\u00e2ti et retrace lorsque cela est possible les stigmates du temps.&nbsp;<\/span><\/p>\n                    <p><span style=\"color: rgb(16, 17, 17); --darkreader-inline-color:#242728; font-weight: 400;\" data-darkreader-inline-color=\"\">ETAPE 3&nbsp;: ELABORATION D\u2019UN PROJET (APS) ET BUDGETISATION <\/span><span style=\"color: rgb(16, 17, 17); --darkreader-inline-color:#242728; font-weight: 300;\"\n                        data-darkreader-inline-color=\"\">Mise en plan de l\u2019existant et projection d\u2019un projet sommaire avec une \u00e9tude de projet de conception g\u00e9n\u00e9rale<\/span><\/p>\n                    <p><span style=\"color: rgb(16, 17, 17); --darkreader-inline-color:#242728; font-weight: 400;\" data-darkreader-inline-color=\"\">ETAPE 4&nbsp;: ELABORATION D\u2019UN DOSSIER ADMINISTRATIF (CERTIFICAT D\u2019URBANISME, PERMIS DE CONSTRUIRE, DECLARATION PREALABLE)<\/span><\/p>\n                    <p><span style=\"color: rgb(16, 17, 17); --darkreader-inline-color:#242728; font-weight: 400;\" data-darkreader-inline-color=\"\">ETAPE 5&nbsp;: ASSISTANCE POUR LA PASSATION DES MARCHES DE TRAVAUX (APD)<\/span><span style=\"color: rgb(16, 17, 17); --darkreader-inline-color:#242728; font-weight: 300;\"\n                        data-darkreader-inline-color=\"\"> Etude d\u00e9taill\u00e9e de la solution retenue avec d\u00e9finition des ouvrages et plans de prestations techniques \u00e0 confier aux artisans lors de la prise de connaissance du march\u00e9 sur le lieu du projet. Aide \u00e0 la lecture des devis et accompagnement au choix des artisans pour la signature des march\u00e9s.&nbsp;<\/span><\/p>\n                    <p><span style=\"color: rgb(16, 17, 17); --darkreader-inline-color:#242728; font-weight: 400;\" data-darkreader-inline-color=\"\">ETAPE 6&nbsp;: DIRECTION DE L\u2019EXECUTION DE TRAVAUX, PLANIFICATION, COMPTABILITE ET RECEPTION DES OUVRAGES<\/span>\n                      <span\n                        style=\"color: rgb(16, 17, 17); --darkreader-inline-color:#242728; font-weight: 300;\" data-darkreader-inline-color=\"\"> Suivi hebdomadaire de la bonne conduite du chantier et du respect du planning. R\u00e9union avec les artisans concern\u00e9s en amont et durant la phase de leur ex\u00e9cution. R\u00e9daction des comptes rendus de chantier. Une derni\u00e8re visite de chantier\n                        est effectu\u00e9e en fin d\u2019ouvrages afin de lev\u00e9e les r\u00e9serves et r\u00e9ceptionner les ouvrages. Ma mission prend fin lors de la lev\u00e9e de l&rsquo;ensemble des r\u00e9serves.<\/span>\n                    <\/p>\n                    <p>\n                      <br>\n                    <\/p>\n                  <\/div>\n                <\/div>\n              <\/div>\n            <\/div>\n          <\/div>\n        <\/div>\n      <\/div>\n    <\/div>\n  <\/div>\n<\/div>","protected":false},"excerpt":{"rendered":"<p>Ma\u00eetrise d&rsquo;oeuvre ETAPE 1&nbsp;: RENCONTRE, faire connaissance avec vous, votre b\u00e2ti et prendre la mesure du projet.&nbsp; ETAPE 2&nbsp;: Un DIAGNOSTIC global du b\u00e2timent est propos\u00e9 avant chaque intervention de transformation ou de conservation. Cette \u00e9tape permet de mieux hi\u00e9rarchiser les priorit\u00e9s de travaux et anticiper les impr\u00e9vus de chantier. Elle permet \u00e9galement de prendre [&hellip;]<\/p>\n","protected":false},"author":1,"featured_media":0,"parent":0,"menu_order":0,"comment_status":"closed","ping_status":"open","template":"page-templates\/full-width-page.php","meta":{"footnotes":""},"class_list":["post-2","page","type-page","status-publish","hentry"],"yoast_head":"<!-- This site is optimized with the Yoast SEO plugin v21.5 - https:\/\/yoast.com\/wordpress\/plugins\/seo\/ -->\n<title>MA\u00ceTRISE D&#039;OEUVRE - R\u00e9noNat<\/title>\n<meta name=\"robots\" content=\"index, follow, max-snippet:-1, max-image-preview:large, max-video-preview:-1\" \/>\n<link rel=\"canonical\" href=\"https:\/\/www.renonat.com\/index.php\/maitrise-doeuvre\/\" \/>\n<meta property=\"og:locale\" content=\"fr_FR\" \/>\n<meta property=\"og:type\" content=\"article\" \/>\n<meta property=\"og:title\" content=\"MA\u00ceTRISE D&#039;OEUVRE - R\u00e9noNat\" \/>\n<meta property=\"og:description\" content=\"Ma\u00eetrise d&rsquo;oeuvre ETAPE 1&nbsp;: RENCONTRE, faire connaissance avec vous, votre b\u00e2ti et prendre la mesure du projet.&nbsp; ETAPE 2&nbsp;: Un DIAGNOSTIC global du b\u00e2timent est propos\u00e9 avant chaque intervention de transformation ou de conservation. Cette \u00e9tape permet de mieux hi\u00e9rarchiser les priorit\u00e9s de travaux et anticiper les impr\u00e9vus de chantier. Elle permet \u00e9galement de prendre [&hellip;]\" \/>\n<meta property=\"og:url\" content=\"https:\/\/www.renonat.com\/index.php\/maitrise-doeuvre\/\" \/>\n<meta property=\"og:site_name\" content=\"R\u00e9noNat\" \/>\n<meta property=\"article:modified_time\" content=\"2023-02-03T11:28:52+00:00\" \/>\n<meta property=\"og:image\" content=\"https:\/\/www.renonat.com\/wp-content\/uploads\/2022\/11\/cropped-cropped-cropped-Renonat2.png\" \/>\n\t<meta property=\"og:image:width\" content=\"512\" \/>\n\t<meta property=\"og:image:height\" content=\"512\" \/>\n\t<meta property=\"og:image:type\" content=\"image\/png\" \/>\n<meta name=\"twitter:card\" content=\"summary_large_image\" \/>\n<meta name=\"twitter:label1\" content=\"Dur\u00e9e de lecture estim\u00e9e\" \/>\n\t<meta name=\"twitter:data1\" content=\"2 minutes\" \/>\n<script type=\"application\/ld+json\" class=\"yoast-schema-graph\">{\"@context\":\"https:\/\/schema.org\",\"@graph\":[{\"@type\":\"WebPage\",\"@id\":\"https:\/\/www.renonat.com\/index.php\/maitrise-doeuvre\/\",\"url\":\"https:\/\/www.renonat.com\/index.php\/maitrise-doeuvre\/\",\"name\":\"MA\u00ceTRISE D'OEUVRE - R\u00e9noNat\",\"isPartOf\":{\"@id\":\"https:\/\/www.renonat.com\/#website\"},\"datePublished\":\"2022-11-05T21:38:16+00:00\",\"dateModified\":\"2023-02-03T11:28:52+00:00\",\"breadcrumb\":{\"@id\":\"https:\/\/www.renonat.com\/index.php\/maitrise-doeuvre\/#breadcrumb\"},\"inLanguage\":\"fr-FR\",\"potentialAction\":[{\"@type\":\"ReadAction\",\"target\":[\"https:\/\/www.renonat.com\/index.php\/maitrise-doeuvre\/\"]}]},{\"@type\":\"BreadcrumbList\",\"@id\":\"https:\/\/www.renonat.com\/index.php\/maitrise-doeuvre\/#breadcrumb\",\"itemListElement\":[{\"@type\":\"ListItem\",\"position\":1,\"name\":\"Accueil\",\"item\":\"https:\/\/www.renonat.com\/\"},{\"@type\":\"ListItem\",\"position\":2,\"name\":\"MA\u00ceTRISE D&rsquo;OEUVRE\"}]},{\"@type\":\"WebSite\",\"@id\":\"https:\/\/www.renonat.com\/#website\",\"url\":\"https:\/\/www.renonat.com\/\",\"name\":\"R\u00e9noNat\",\"description\":\"R\u00e9habilitation du b\u00e2ti ancien - R\u00e9novation \u00e9nerg\u00e9tique biosourc\u00e9e\",\"publisher\":{\"@id\":\"https:\/\/www.renonat.com\/#\/schema\/person\/26721545b3c58aa6db2b2e7a9c277a9d\"},\"potentialAction\":[{\"@type\":\"SearchAction\",\"target\":{\"@type\":\"EntryPoint\",\"urlTemplate\":\"https:\/\/www.renonat.com\/?s={search_term_string}\"},\"query-input\":\"required name=search_term_string\"}],\"inLanguage\":\"fr-FR\"},{\"@type\":[\"Person\",\"Organization\"],\"@id\":\"https:\/\/www.renonat.com\/#\/schema\/person\/26721545b3c58aa6db2b2e7a9c277a9d\",\"name\":\"Nathalie\",\"image\":{\"@type\":\"ImageObject\",\"inLanguage\":\"fr-FR\",\"@id\":\"https:\/\/www.renonat.com\/#\/schema\/person\/image\/\",\"url\":\"https:\/\/www.renonat.com\/wp-content\/uploads\/2022\/11\/cropped-cropped-cropped-cropped-logo-RenoNat-1-1.png\",\"contentUrl\":\"https:\/\/www.renonat.com\/wp-content\/uploads\/2022\/11\/cropped-cropped-cropped-cropped-logo-RenoNat-1-1.png\",\"width\":500,\"height\":500,\"caption\":\"Nathalie\"},\"logo\":{\"@id\":\"https:\/\/www.renonat.com\/#\/schema\/person\/image\/\"}}]}<\/script>\n<!-- \/ Yoast SEO plugin. -->","yoast_head_json":{"title":"MA\u00ceTRISE D'OEUVRE - R\u00e9noNat","robots":{"index":"index","follow":"follow","max-snippet":"max-snippet:-1","max-image-preview":"max-image-preview:large","max-video-preview":"max-video-preview:-1"},"canonical":"https:\/\/www.renonat.com\/index.php\/maitrise-doeuvre\/","og_locale":"fr_FR","og_type":"article","og_title":"MA\u00ceTRISE D'OEUVRE - R\u00e9noNat","og_description":"Ma\u00eetrise d&rsquo;oeuvre ETAPE 1&nbsp;: RENCONTRE, faire connaissance avec vous, votre b\u00e2ti et prendre la mesure du projet.&nbsp; ETAPE 2&nbsp;: Un DIAGNOSTIC global du b\u00e2timent est propos\u00e9 avant chaque intervention de transformation ou de conservation. Cette \u00e9tape permet de mieux hi\u00e9rarchiser les priorit\u00e9s de travaux et anticiper les impr\u00e9vus de chantier. Elle permet \u00e9galement de prendre [&hellip;]","og_url":"https:\/\/www.renonat.com\/index.php\/maitrise-doeuvre\/","og_site_name":"R\u00e9noNat","article_modified_time":"2023-02-03T11:28:52+00:00","og_image":[{"width":512,"height":512,"url":"https:\/\/www.renonat.com\/wp-content\/uploads\/2022\/11\/cropped-cropped-cropped-Renonat2.png","type":"image\/png"}],"twitter_card":"summary_large_image","twitter_misc":{"Dur\u00e9e de lecture estim\u00e9e":"2 minutes"},"schema":{"@context":"https:\/\/schema.org","@graph":[{"@type":"WebPage","@id":"https:\/\/www.renonat.com\/index.php\/maitrise-doeuvre\/","url":"https:\/\/www.renonat.com\/index.php\/maitrise-doeuvre\/","name":"MA\u00ceTRISE D'OEUVRE - R\u00e9noNat","isPartOf":{"@id":"https:\/\/www.renonat.com\/#website"},"datePublished":"2022-11-05T21:38:16+00:00","dateModified":"2023-02-03T11:28:52+00:00","breadcrumb":{"@id":"https:\/\/www.renonat.com\/index.php\/maitrise-doeuvre\/#breadcrumb"},"inLanguage":"fr-FR","potentialAction":[{"@type":"ReadAction","target":["https:\/\/www.renonat.com\/index.php\/maitrise-doeuvre\/"]}]},{"@type":"BreadcrumbList","@id":"https:\/\/www.renonat.com\/index.php\/maitrise-doeuvre\/#breadcrumb","itemListElement":[{"@type":"ListItem","position":1,"name":"Accueil","item":"https:\/\/www.renonat.com\/"},{"@type":"ListItem","position":2,"name":"MA\u00ceTRISE D&rsquo;OEUVRE"}]},{"@type":"WebSite","@id":"https:\/\/www.renonat.com\/#website","url":"https:\/\/www.renonat.com\/","name":"R\u00e9noNat","description":"R\u00e9habilitation du b\u00e2ti ancien - R\u00e9novation \u00e9nerg\u00e9tique biosourc\u00e9e","publisher":{"@id":"https:\/\/www.renonat.com\/#\/schema\/person\/26721545b3c58aa6db2b2e7a9c277a9d"},"potentialAction":[{"@type":"SearchAction","target":{"@type":"EntryPoint","urlTemplate":"https:\/\/www.renonat.com\/?s={search_term_string}"},"query-input":"required name=search_term_string"}],"inLanguage":"fr-FR"},{"@type":["Person","Organization"],"@id":"https:\/\/www.renonat.com\/#\/schema\/person\/26721545b3c58aa6db2b2e7a9c277a9d","name":"Nathalie","image":{"@type":"ImageObject","inLanguage":"fr-FR","@id":"https:\/\/www.renonat.com\/#\/schema\/person\/image\/","url":"https:\/\/www.renonat.com\/wp-content\/uploads\/2022\/11\/cropped-cropped-cropped-cropped-logo-RenoNat-1-1.png","contentUrl":"https:\/\/www.renonat.com\/wp-content\/uploads\/2022\/11\/cropped-cropped-cropped-cropped-logo-RenoNat-1-1.png","width":500,"height":500,"caption":"Nathalie"},"logo":{"@id":"https:\/\/www.renonat.com\/#\/schema\/person\/image\/"}}]}},"_links":{"self":[{"href":"https:\/\/www.renonat.com\/index.php\/wp-json\/wp\/v2\/pages\/2","targetHints":{"allow":["GET"]}}],"collection":[{"href":"https:\/\/www.renonat.com\/index.php\/wp-json\/wp\/v2\/pages"}],"about":[{"href":"https:\/\/www.renonat.com\/index.php\/wp-json\/wp\/v2\/types\/page"}],"author":[{"embeddable":true,"href":"https:\/\/www.renonat.com\/index.php\/wp-json\/wp\/v2\/users\/1"}],"replies":[{"embeddable":true,"href":"https:\/\/www.renonat.com\/index.php\/wp-json\/wp\/v2\/comments?post=2"}],"version-history":[{"count":12,"href":"https:\/\/www.renonat.com\/index.php\/wp-json\/wp\/v2\/pages\/2\/revisions"}],"predecessor-version":[{"id":1523,"href":"https:\/\/www.renonat.com\/index.php\/wp-json\/wp\/v2\/pages\/2\/revisions\/1523"}],"wp:attachment":[{"href":"https:\/\/www.renonat.com\/index.php\/wp-json\/wp\/v2\/media?parent=2"}],"curies":[{"name":"wp","href":"https:\/\/api.w.org\/{rel}","templated":true}]}}